{"id":15,"date":"2015-12-12T12:28:27","date_gmt":"2015-12-12T12:28:27","guid":{"rendered":"http:\/\/185.22.115.20\/?page_id=15"},"modified":"2015-12-16T00:28:48","modified_gmt":"2015-12-16T00:28:48","slug":"firma","status":"publish","type":"page","link":"https:\/\/biobyte.pl\/index.php\/firma\/","title":{"rendered":"Firma"},"content":{"rendered":"<p align=\"justify\">Biobyte jest firm\u0105 specjalizuj\u0105c\u0105 si\u0119 w rozwi\u0105zaniach informatycznych stosowanych w zak\u0142adach opieki zdrowotnej oraz jednostkach badawczo-rozwojowych. Priorytetem firmy jest zapewnienie Klientowi stabilnej, bezpiecznej i maksymalnie efektywnej infrastruktury IT.<\/p>\n<p align=\"justify\">Firma Biobyte zosta\u0142a za\u0142o\u017cona w 2009 roku w ramach projektu wsp\u00f3\u0142finansowanego przez Uni\u0119 Europejsk\u0105. Nasz zesp\u00f3\u0142 sk\u0142ada si\u0119 z wysokiej klasy specjalist\u00f3w w dziedzinie rozwoju oprogramowania, sieci komputerowych oraz analizy danych.<\/p>\n<p align=\"justify\">Oferta firmy Biobyte skierowana jest do stosunkowo szerokiego grona odbiorc\u00f3w. Us\u0142ugi z zakresu rozwijania i test\u00f3w oprogramowania dedykowane s\u0105 dla firm informatycznych dzia\u0142aj\u0105cych na terenie UE. Zajmujemy si\u0119 r\u00f3wnie\u017c utrzymaniem infrastruktury informatycznej w przychodniach i szpitalach na terenie ca\u0142ej Polski (w tym szczeg\u00f3lno\u015bci prowadzeniu elektronicznych rozlicze\u0144 \u015bwiadczeniodawc\u00f3w z Narodowym Funduszem Zdrowia). Oferujemy r\u00f3wnie\u017c pomoc w analizie, eksploracji i wizualizacji danych.<\/p>\n","protected":false},"excerpt":{"rendered":"<p>Biobyte jest firm\u0105 specjalizuj\u0105c\u0105 si\u0119 w rozwi\u0105zaniach informatycznych stosowanych w zak\u0142adach opieki zdrowotnej oraz jednostkach badawczo-rozwojowych. Priorytetem firmy jest zapewnienie Klientowi stabilnej, bezpiecznej i maksymalnie efektywnej infrastruktury IT. Firma Biobyte zosta\u0142a za\u0142o\u017cona w 2009 roku w ramach projektu wsp\u00f3\u0142finansowanego przez Uni\u0119 Europejsk\u0105. Nasz zesp\u00f3\u0142 sk\u0142ada si\u0119 z wysokiej klasy specjalist\u00f3w w dziedzinie rozwoju oprogramowania, sieci&#8230; <\/p>\n","protected":false},"author":1,"featured_media":0,"parent":0,"menu_order":0,"comment_status":"closed","ping_status":"closed","template":"left-sidebar2.php","meta":{"footnotes":""},"class_list":["post-15","page","type-page","status-publish","hentry"],"_links":{"self":[{"href":"https:\/\/biobyte.pl\/index.php\/wp-json\/wp\/v2\/pages\/15","targetHints":{"allow":["GET"]}}],"collection":[{"href":"https:\/\/biobyte.pl\/index.php\/wp-json\/wp\/v2\/pages"}],"about":[{"href":"https:\/\/biobyte.pl\/index.php\/wp-json\/wp\/v2\/types\/page"}],"author":[{"embeddable":true,"href":"https:\/\/biobyte.pl\/index.php\/wp-json\/wp\/v2\/users\/1"}],"replies":[{"embeddable":true,"href":"https:\/\/biobyte.pl\/index.php\/wp-json\/wp\/v2\/comments?post=15"}],"version-history":[{"count":3,"href":"https:\/\/biobyte.pl\/index.php\/wp-json\/wp\/v2\/pages\/15\/revisions"}],"predecessor-version":[{"id":78,"href":"https:\/\/biobyte.pl\/index.php\/wp-json\/wp\/v2\/pages\/15\/revisions\/78"}],"wp:attachment":[{"href":"https:\/\/biobyte.pl\/index.php\/wp-json\/wp\/v2\/media?parent=15"}],"curies":[{"name":"wp","href":"https:\/\/api.w.org\/{rel}","templated":true}]}}