{"id":384,"date":"2020-06-11T18:43:51","date_gmt":"2020-06-11T18:43:51","guid":{"rendered":"https:\/\/biobyte.pl\/?page_id=384"},"modified":"2020-06-11T19:02:15","modified_gmt":"2020-06-11T19:02:15","slug":"klauzula-informacyjna","status":"publish","type":"page","link":"https:\/\/biobyte.pl\/index.php\/klauzula-informacyjna\/","title":{"rendered":"Klauzula informacyjna"},"content":{"rendered":"<p align=\"justify\">\nZgodnie z art. 13 ust. 1 i 2 Rozporz\u0105dzenia Parlamentu Europejskiego i Rady (UE) 2016\/679 z dnia 27 kwietnia 2016 r. w sprawie ochrony os\u00f3b fizycznych w zwi\u0105zku z przetwarzaniem danych osobowych i w sprawie swobodnego przep\u0142ywu takich danych oraz uchylenia dyrektywy 95\/46\/WE (og\u00f3lne rozporz\u0105dzenie o ochronie danych Dz.U.UE.L.2016.119.1, dalej zwane \u201eRODO\u201d), informujemy Pani\u0105\/Pana, \u017ce:<\/p>\n<p align=\"justify\">\n1. Administratorem Pani\/Pana danych osobowych (dalej jako: \u201eAdministrator Danych Osobowych\u201d) jest:<br \/>\n<strong>BIOBYTE Sp. z o.o.<\/strong> z siedzib\u0105 w Gliwicach przy ul. Bojkowskiej 43C, zarejestrowanej w rejestrze przedsi\u0119biorc\u00f3w prowadzonym przez S\u0105d Rejonowy w Gliwicach, X Wydzia\u0142 Gospodarczy Krajowego Rejestru S\u0105dowego, pod numerem KRS 0000410729, NIP: 6342806666, REGON 242854358<br \/>\n2. W sp\u00f3\u0142ce zosta\u0142 wyznaczony Inspektor Ochrony Danych (Sz. P. Maciej Kaczmarski), z kt\u00f3rym mo\u017cna skontaktowa\u0107 si\u0119 poprzez adres e-mail <strong>daneosobowe@biobyte.pl<\/strong> lub pisemnie na adres Administratora Danych.<br \/>\n3. Dane osobowe s\u0105 przetwarzane zgodnie z przepisami rozporz\u0105dzenia Parlamentu Europejskiego i Rady (UE) 2016\/679 z dnia 27 kwietnia 2016 r. w sprawie ochrony os\u00f3b fizycznych w zwi\u0105zku<br \/>\nz przetwarzaniem danych osobowych i w sprawie swobodnego przep\u0142ywu takich danych oraz uchylenia dyrektywy 95\/46\/WE (RODO).<br \/>\n4. Pani\/Pana dane osobowe przetwarzane b\u0119d\u0105 w celu realizacji us\u0142ugi informatycznej.<br \/>\n5. Odbiorc\u0105 Pani\/Pana danych osobowych b\u0119d\u0105 pracownicy oraz wsp\u00f3\u0142pracownicy firmy Biobyte w zakresie swoich obowi\u0105zk\u00f3w s\u0142u\u017cbowych realizowanych na podstawie upowa\u017cnienia. Odbiorcami mog\u0105 by\u0107 tak\u017ce instytucje pa\u0144stwowe upowa\u017cnione z mocy prawa.<br \/>\n6. Podanie przez Pani\u0105\/Pana danych osobowych jest dobrowolne, ale nie podanie danych spowoduje niemo\u017cno\u015b\u0107 realizacji us\u0142ugi informatycznej przez Biobyte.<br \/>\n7. Pani\/Pana dane b\u0119d\u0105 przechowywane do czasu zako\u0144czenia realizacji us\u0142ugi informatycznej oraz w obowi\u0105zkowym okresie przechowywania dokumentacji zwi\u0105zanej z prawem podatkowym.<br \/>\n8. Przys\u0142uguj\u0105 Pani\/Panu nast\u0119puj\u0105ce uprawnienia: prawo do \u017c\u0105dania od Administratora Danych Osobowych dost\u0119pu do swoich danych osobowych, prawo do sprostowania (poprawiania), usuni\u0119cia danych, jednak\u017ce z ograniczeniem tego praw w my\u015bl art. 17ust. 3, ograniczenia przetwarzania danych osobowych oraz prawo do przenoszenia danych osobowych, a tak\u017ce prawo do cofni\u0119cia zgody na przetwarzanie danych osobowych w dowolnym momencie w zakresie, w jakim Pani\/Pana dane osobowe s\u0105 przetwarzane na podstawie udzielonej zgody na przetwarzanie danych osobowych; wycofanie zgody pozostaje bez wp\u0142ywu na zgodno\u015b\u0107 z prawem przetwarzania, kt\u00f3rego dokonano na podstawie Pani\/Pana zgody przed jej wycofaniem. W celu skorzystania z powy\u017cszych praw, nale\u017cy skontaktowa\u0107 si\u0119 poprzez kana\u0142y komunikacji wskazane w pkt 1 i 2 powy\u017cej.<br \/>\n9. Przys\u0142uguje Pani\/Panu prawo do wniesienia skargi do organu nadzorczego w zakresie przetwarzania danych osobowych, tj. Prezesa Urz\u0119du Ochrony Danych Osobowych<br \/>\n10. Pani\/Pana dane osobowe nie b\u0119d\u0105 przekazywane do pa\u0144stwa trzeciego\/organizacji mi\u0119dzynarodowej.<br \/>\n11. Pani\/Pana dane osobowe nie b\u0119d\u0105 podlega\u0142y zautomatyzowanemu podejmowaniu decyzji, w tym profilowaniu.<\/p>\n","protected":false},"excerpt":{"rendered":"<p>Zgodnie z art. 13 ust. 1 i 2 Rozporz\u0105dzenia Parlamentu Europejskiego i Rady (UE) 2016\/679 z dnia 27 kwietnia 2016 r. w sprawie ochrony os\u00f3b fizycznych w zwi\u0105zku z przetwarzaniem danych osobowych i w sprawie swobodnego przep\u0142ywu takich danych oraz uchylenia dyrektywy 95\/46\/WE (og\u00f3lne rozporz\u0105dzenie o ochronie danych Dz.U.UE.L.2016.119.1, dalej zwane \u201eRODO\u201d), informujemy Pani\u0105\/Pana, \u017ce:&#8230; <\/p>\n","protected":false},"author":1,"featured_media":0,"parent":0,"menu_order":0,"comment_status":"closed","ping_status":"closed","template":"no-sidebar.php","meta":{"footnotes":""},"class_list":["post-384","page","type-page","status-publish","hentry"],"_links":{"self":[{"href":"https:\/\/biobyte.pl\/index.php\/wp-json\/wp\/v2\/pages\/384","targetHints":{"allow":["GET"]}}],"collection":[{"href":"https:\/\/biobyte.pl\/index.php\/wp-json\/wp\/v2\/pages"}],"about":[{"href":"https:\/\/biobyte.pl\/index.php\/wp-json\/wp\/v2\/types\/page"}],"author":[{"embeddable":true,"href":"https:\/\/biobyte.pl\/index.php\/wp-json\/wp\/v2\/users\/1"}],"replies":[{"embeddable":true,"href":"https:\/\/biobyte.pl\/index.php\/wp-json\/wp\/v2\/comments?post=384"}],"version-history":[{"count":8,"href":"https:\/\/biobyte.pl\/index.php\/wp-json\/wp\/v2\/pages\/384\/revisions"}],"predecessor-version":[{"id":392,"href":"https:\/\/biobyte.pl\/index.php\/wp-json\/wp\/v2\/pages\/384\/revisions\/392"}],"wp:attachment":[{"href":"https:\/\/biobyte.pl\/index.php\/wp-json\/wp\/v2\/media?parent=384"}],"curies":[{"name":"wp","href":"https:\/\/api.w.org\/{rel}","templated":true}]}}