{"id":50,"date":"2015-12-12T21:06:39","date_gmt":"2015-12-12T21:06:39","guid":{"rendered":"http:\/\/185.22.115.20\/?page_id=50"},"modified":"2022-09-20T13:27:52","modified_gmt":"2022-09-20T13:27:52","slug":"tworzenie-oprogramowania","status":"publish","type":"page","link":"https:\/\/biobyte.pl\/index.php\/oferta\/tworzenie-oprogramowania\/","title":{"rendered":"Tworzenie oprogramowania"},"content":{"rendered":"<p align=\"justify\">\nBiobyte zajmuje si\u0119 tworzeniem aplikacji dedykowanych na zam\u00f3wienie. Piszemy oprogramowanie z wykorzystaniem takich j\u0119zyk\u00f3w programowania jak C#, Object Pascal (Delphi) oraz Python. Produkujemy oprogramowanie webowe jak r\u00f3wnie\u017c aplikacje desktopowe dla OS Windows i Linux.<\/p>\n","protected":false},"excerpt":{"rendered":"<p>Biobyte zajmuje si\u0119 tworzeniem aplikacji dedykowanych na zam\u00f3wienie. Piszemy oprogramowanie z wykorzystaniem takich j\u0119zyk\u00f3w programowania jak C#, Object Pascal (Delphi) oraz Python. Produkujemy oprogramowanie webowe jak r\u00f3wnie\u017c aplikacje desktopowe dla OS Windows i Linux.<\/p>\n","protected":false},"author":1,"featured_media":0,"parent":17,"menu_order":0,"comment_status":"closed","ping_status":"closed","template":"left-sidebar.php","meta":{"footnotes":""},"class_list":["post-50","page","type-page","status-publish","hentry"],"_links":{"self":[{"href":"https:\/\/biobyte.pl\/index.php\/wp-json\/wp\/v2\/pages\/50","targetHints":{"allow":["GET"]}}],"collection":[{"href":"https:\/\/biobyte.pl\/index.php\/wp-json\/wp\/v2\/pages"}],"about":[{"href":"https:\/\/biobyte.pl\/index.php\/wp-json\/wp\/v2\/types\/page"}],"author":[{"embeddable":true,"href":"https:\/\/biobyte.pl\/index.php\/wp-json\/wp\/v2\/users\/1"}],"replies":[{"embeddable":true,"href":"https:\/\/biobyte.pl\/index.php\/wp-json\/wp\/v2\/comments?post=50"}],"version-history":[{"count":9,"href":"https:\/\/biobyte.pl\/index.php\/wp-json\/wp\/v2\/pages\/50\/revisions"}],"predecessor-version":[{"id":457,"href":"https:\/\/biobyte.pl\/index.php\/wp-json\/wp\/v2\/pages\/50\/revisions\/457"}],"up":[{"embeddable":true,"href":"https:\/\/biobyte.pl\/index.php\/wp-json\/wp\/v2\/pages\/17"}],"wp:attachment":[{"href":"https:\/\/biobyte.pl\/index.php\/wp-json\/wp\/v2\/media?parent=50"}],"curies":[{"name":"wp","href":"https:\/\/api.w.org\/{rel}","templated":true}]}}