{"id":56,"date":"2015-12-12T21:09:17","date_gmt":"2015-12-12T21:09:17","guid":{"rendered":"http:\/\/185.22.115.20\/?page_id=56"},"modified":"2018-11-08T13:49:37","modified_gmt":"2018-11-08T13:49:37","slug":"erejestracja-eu","status":"publish","type":"page","link":"https:\/\/biobyte.pl\/index.php\/oferta\/erejestracja-eu\/","title":{"rendered":"eRejestracja.eu"},"content":{"rendered":"<p align=\"justify\">\n<a href=\"https:\/\/erejestracja.eu\" target=\"_blank\"><b>eRejestracja.eu<\/b><\/a> to us\u0142uga utrzymania systemu eRejestracja mMedica firmy Asseco Poland realizowana przez firm\u0119 Biobyte.<\/p>\n<p>Oprogramowanie eRejestracja mMedica umo\u017cliwia umawianie si\u0119 na wizyty w przychodni drog\u0105 elektroniczn\u0105. System jest w pe\u0142ni zgodny z wymogami Ministerstwa Zdrowia. eRejestracja mMedica w pe\u0142nym zakresie wsp\u00f3\u0142pracuje z terminarzem i harmonogramami zdefiniowanymi w programie mMedica. Ponadto pozwala na swobodne decydowanie, kt\u00f3re terminarze s\u0105 dost\u0119pne w internecie, a kt\u00f3re tylko w tradycyjnej rejestracji.\n<\/p>\n<p align=\"justify\">\nUs\u0142uga <a href=\"https:\/\/erejestracja.eu\" target=\"_blank\"><b>eRejestracja.eu<\/b><\/a> zawiera:<\/p>\n<p>\u2013 zdaln\u0105 instalacj\u0119 i konfiguracj\u0119<br \/>\n\u2013 hosting portalu<br \/>\n\u2013 adres internetowy w subdomenie domeny eRejestracja.eu (https:\/\/TwojaNazwa.erejestracja.eu)<br \/>\n\u2013 certyfikat bezpiecze\u0144stwa SSL<br \/>\n\u2013 wirtualn\u0105 sie\u0107 prywatn\u0105 VPN<br \/>\n\u2013 aktualizacje oprogramowania<br \/>\n\u2013 szkolenie z zakresu obs\u0142ugi portalu<br \/>\n\u2013 pomoc techniczn\u0105 w zakresie eRejestracja mMedica (w dni robocze w godzinach od 8 do 16)<\/p>\n<p>Zesp\u00f3\u0142 Biobyte szczeg\u00f3ln\u0105 uwag\u0119 po\u015bwi\u0119ca tematowi bezpiecze\u0144stwa danych. Us\u0142uga \u015bwiadczona jest na podstawie umowy i regulaminu, kt\u00f3ry szczego\u0142\u00f3wo opisuje zasady na jakich przetwarzane s\u0105 dane osobowe. eRejestracja.eu utrzymywana jest na wyodr\u0119bnionej fizycznej maszynie w profesjonalnym data center zlokalizowanym na terenie miasta Katowice. Okresowo us\u0142uga poddawana jest testom bezpiecze\u0144stwa, kt\u00f3re realizowane s\u0105 przez niezale\u017cne od Biobyte firmy specjalizuj\u0105ce si\u0119 w przeprowadzaniu test\u00f3w penetracyjnych.<\/p>\n","protected":false},"excerpt":{"rendered":"<p>eRejestracja.eu to us\u0142uga utrzymania systemu eRejestracja mMedica firmy Asseco Poland realizowana przez firm\u0119 Biobyte. Oprogramowanie eRejestracja mMedica umo\u017cliwia umawianie si\u0119 na wizyty w przychodni drog\u0105 elektroniczn\u0105. System jest w pe\u0142ni zgodny z wymogami Ministerstwa Zdrowia. eRejestracja mMedica w pe\u0142nym zakresie wsp\u00f3\u0142pracuje z terminarzem i harmonogramami zdefiniowanymi w programie mMedica. Ponadto pozwala na swobodne decydowanie, kt\u00f3re&#8230; <\/p>\n","protected":false},"author":1,"featured_media":0,"parent":17,"menu_order":0,"comment_status":"closed","ping_status":"closed","template":"left-sidebar.php","meta":{"footnotes":""},"class_list":["post-56","page","type-page","status-publish","hentry"],"_links":{"self":[{"href":"https:\/\/biobyte.pl\/index.php\/wp-json\/wp\/v2\/pages\/56","targetHints":{"allow":["GET"]}}],"collection":[{"href":"https:\/\/biobyte.pl\/index.php\/wp-json\/wp\/v2\/pages"}],"about":[{"href":"https:\/\/biobyte.pl\/index.php\/wp-json\/wp\/v2\/types\/page"}],"author":[{"embeddable":true,"href":"https:\/\/biobyte.pl\/index.php\/wp-json\/wp\/v2\/users\/1"}],"replies":[{"embeddable":true,"href":"https:\/\/biobyte.pl\/index.php\/wp-json\/wp\/v2\/comments?post=56"}],"version-history":[{"count":14,"href":"https:\/\/biobyte.pl\/index.php\/wp-json\/wp\/v2\/pages\/56\/revisions"}],"predecessor-version":[{"id":301,"href":"https:\/\/biobyte.pl\/index.php\/wp-json\/wp\/v2\/pages\/56\/revisions\/301"}],"up":[{"embeddable":true,"href":"https:\/\/biobyte.pl\/index.php\/wp-json\/wp\/v2\/pages\/17"}],"wp:attachment":[{"href":"https:\/\/biobyte.pl\/index.php\/wp-json\/wp\/v2\/media?parent=56"}],"curies":[{"name":"wp","href":"https:\/\/api.w.org\/{rel}","templated":true}]}}