{"id":75,"date":"2015-12-16T00:19:10","date_gmt":"2015-12-16T00:19:10","guid":{"rendered":"http:\/\/185.22.115.20\/?page_id=75"},"modified":"2021-11-11T07:12:25","modified_gmt":"2021-11-11T07:12:25","slug":"ereplikacja","status":"publish","type":"page","link":"https:\/\/biobyte.pl\/index.php\/oferta\/ereplikacja\/","title":{"rendered":"EREPLIKACJA"},"content":{"rendered":"<p align=\"justify\">\n<b>eReplikacja<\/b> to system teleinformatyczny umo\u017cliwiaj\u0105cy powielanie danych zapisywanych w bazie danych pomi\u0119dzy serwerem w plac\u00f3wce medycznej  i serwerem zapasowym w data center Biobyte. Automatyczna i ci\u0105g\u0142a archiwizacja istotnych dla Twojej jednostki danych zapewnia spok\u00f3j i gwarancje odzyskania danych w sytuacji awaryjnej.<\/p>\n<p align=\"justify\">\nUs\u0142uga <b>eReplikacja<\/b> zawiera:<\/p>\n<p align=\"justify\">\n\u2013 zdaln\u0105 instalacj\u0119 i konfiguracj\u0119<br \/>\n\u2013 wirtualn\u0105 sie\u0107 prywatn\u0105 VPN<br \/>\n\u2013 certyfikat bezpiecze\u0144stwa SSL<br \/>\n\u2013 technologi\u0119 RAID dzi\u0119ki kt\u00f3rej dane w bazie s\u0105 odporne na uszkodzenia fizyczne oraz s\u0105 dost\u0119pne 24 h na dob\u0119.<br \/>\n\u2013 przestrze\u0144 dyskow\u0105 5\/10\/20\/50\/100\/200\/500 lub 1000 GB<br \/>\n\u2013 pomoc techniczn\u0105 w zakresie replikacji (w dni robocze w godzinach od 8 do 16)<br \/>\n\u2013 okresowe weryfikacje poprawno\u015bci replikowania si\u0119 danych<\/p>\n<p align=\"justify\">\nZesp\u00f3\u0142 Biobyte szczeg\u00f3ln\u0105 uwag\u0119 po\u015bwi\u0119ca tematowi bezpiecze\u0144stwa danych. Us\u0142uga \u015bwiadczona jest na podstawie regulaminu, kt\u00f3ry szczeg\u00f3\u0142owo opisuje zasady na jakich przetwarzane s\u0105 dane osobowe. System utrzymywany jest na wyodr\u0119bnionej fizycznej maszynie w nowoczesnym data center zlokalizowanym na terenie miasta Katowice.<\/p>\n","protected":false},"excerpt":{"rendered":"<p>eReplikacja to system teleinformatyczny umo\u017cliwiaj\u0105cy powielanie danych zapisywanych w bazie danych pomi\u0119dzy serwerem w plac\u00f3wce medycznej i serwerem zapasowym w data center Biobyte. Automatyczna i ci\u0105g\u0142a archiwizacja istotnych dla Twojej jednostki danych zapewnia spok\u00f3j i gwarancje odzyskania danych w sytuacji awaryjnej. Us\u0142uga eReplikacja zawiera: \u2013 zdaln\u0105 instalacj\u0119 i konfiguracj\u0119 \u2013 wirtualn\u0105 sie\u0107 prywatn\u0105 VPN \u2013&#8230; <\/p>\n","protected":false},"author":1,"featured_media":0,"parent":17,"menu_order":0,"comment_status":"closed","ping_status":"closed","template":"left-sidebar.php","meta":{"footnotes":""},"class_list":["post-75","page","type-page","status-publish","hentry"],"_links":{"self":[{"href":"https:\/\/biobyte.pl\/index.php\/wp-json\/wp\/v2\/pages\/75","targetHints":{"allow":["GET"]}}],"collection":[{"href":"https:\/\/biobyte.pl\/index.php\/wp-json\/wp\/v2\/pages"}],"about":[{"href":"https:\/\/biobyte.pl\/index.php\/wp-json\/wp\/v2\/types\/page"}],"author":[{"embeddable":true,"href":"https:\/\/biobyte.pl\/index.php\/wp-json\/wp\/v2\/users\/1"}],"replies":[{"embeddable":true,"href":"https:\/\/biobyte.pl\/index.php\/wp-json\/wp\/v2\/comments?post=75"}],"version-history":[{"count":9,"href":"https:\/\/biobyte.pl\/index.php\/wp-json\/wp\/v2\/pages\/75\/revisions"}],"predecessor-version":[{"id":448,"href":"https:\/\/biobyte.pl\/index.php\/wp-json\/wp\/v2\/pages\/75\/revisions\/448"}],"up":[{"embeddable":true,"href":"https:\/\/biobyte.pl\/index.php\/wp-json\/wp\/v2\/pages\/17"}],"wp:attachment":[{"href":"https:\/\/biobyte.pl\/index.php\/wp-json\/wp\/v2\/media?parent=75"}],"curies":[{"name":"wp","href":"https:\/\/api.w.org\/{rel}","templated":true}]}}